            {"id":1114,"date":"2025-12-30T21:03:53","date_gmt":"2025-12-30T20:03:53","guid":{"rendered":"https:\/\/michemil.com\/?page_id=1114"},"modified":"2026-02-26T16:50:11","modified_gmt":"2026-02-26T15:50:11","slug":"suite-superieure","status":"publish","type":"page","link":"https:\/\/michemil.com\/?page_id=1114","title":{"rendered":"Suite Sup\u00e9rieure"},"content":{"rendered":"\n<p>En hauteur, les Suites Sup\u00e9rieures se distinguent par une vue imprenable sur le quartier Bastos et\/ou la ville de Yaound\u00e9. Caract\u00e9ris\u00e9es par de grands volumes qui magnifient la libert\u00e9, elles sont dot\u00e9es d\u2019une chambre \u00e0 coucher avec salle de bain privative \u00e9quip\u00e9e d&rsquo;une colonne hydromassante. Le salon, \u00e9quip\u00e9 de mobilier en cuir, vous offrira l&rsquo;opportunit\u00e9 d&rsquo;appr\u00e9cier les cha\u00eenes CANAL+ sur un \u00e9cran plat, dans un vaste salon douillet de 5 places assises. La Suite dispose \u00e9galement d&rsquo;une salle \u00e0 manger avec ses 4 places, d&rsquo;une grande cuisine \u00e9quip\u00e9e, ainsi que d&rsquo;un d\u00e9barras et une buanderie dot\u00e9e d&rsquo;une machine \u00e0 laver.<\/p>\n\n\n\n<p>La belle et grande terrasse meubl\u00e9e vous offrent une vue magnifique du quartier Bastos et de la ville de Yaound\u00e9.<\/p>\n\n\n\n<p>Le Wifi haut d\u00e9bit est gratuit.<\/p>\n\n\n<div class=\"wp-block-image\">\n<figure data-wp-context=\"{&quot;uploadedSrc&quot;:&quot;https:\\\/\\\/michemil.com\\\/wp-content\\\/uploads\\\/2025\\\/12\\\/WhatsApp-Image4-2025-12-17-at-13.09.49.jpeg&quot;,&quot;figureClassNames&quot;:&quot;aligncenter size-full&quot;,&quot;figureStyles&quot;:null,&quot;imgClassNames&quot;:&quot;wp-image-1145&quot;,&quot;imgStyles&quot;:null,&quot;targetWidth&quot;:1020,&quot;targetHeight&quot;:768,&quot;scaleAttr&quot;:false,&quot;ariaLabel&quot;:&quot;Agrandir l\\u2018image&quot;,&quot;alt&quot;:&quot;&quot;}\" data-wp-interactive=\"core\/image\" class=\"aligncenter size-full wp-lightbox-container\"><img loading=\"lazy\" decoding=\"async\" width=\"1020\" height=\"768\" data-wp-init=\"callbacks.setButtonStyles\" data-wp-on-async--click=\"actions.showLightbox\" data-wp-on-async--load=\"callbacks.setButtonStyles\" data-wp-on-async-window--resize=\"callbacks.setButtonStyles\" src=\"https:\/\/michemil.com\/wp-content\/uploads\/2025\/12\/WhatsApp-Image4-2025-12-17-at-13.09.49.jpeg\" alt=\"\" class=\"wp-image-1145\" srcset=\"https:\/\/michemil.com\/wp-content\/uploads\/2025\/12\/WhatsApp-Image4-2025-12-17-at-13.09.49.jpeg 1020w, https:\/\/michemil.com\/wp-content\/uploads\/2025\/12\/WhatsApp-Image4-2025-12-17-at-13.09.49-300x226.jpeg 300w, https:\/\/michemil.com\/wp-content\/uploads\/2025\/12\/WhatsApp-Image4-2025-12-17-at-13.09.49-768x578.jpeg 768w\" sizes=\"(max-width: 1020px) 100vw, 1020px\" \/><button\n\t\t\tclass=\"lightbox-trigger\"\n\t\t\ttype=\"button\"\n\t\t\taria-haspopup=\"dialog\"\n\t\t\taria-label=\"Agrandir l\u2018image\"\n\t\t\tdata-wp-init=\"callbacks.initTriggerButton\"\n\t\t\tdata-wp-on-async--click=\"actions.showLightbox\"\n\t\t\tdata-wp-style--right=\"context.imageButtonRight\"\n\t\t\tdata-wp-style--top=\"context.imageButtonTop\"\n\t\t>\n\t\t\t<svg xmlns=\"http:\/\/www.w3.org\/2000\/svg\" width=\"12\" height=\"12\" fill=\"none\" viewBox=\"0 0 12 12\">\n\t\t\t\t<path fill=\"#fff\" d=\"M2 0a2 2 0 0 0-2 2v2h1.5V2a.5.5 0 0 1 .5-.5h2V0H2Zm2 10.5H2a.5.5 0 0 1-.5-.5V8H0v2a2 2 0 0 0 2 2h2v-1.5ZM8 12v-1.5h2a.5.5 0 0 0 .5-.5V8H12v2a2 2 0 0 1-2 2H8Zm2-12a2 2 0 0 1 2 2v2h-1.5V2a.5.5 0 0 0-.5-.5H8V0h2Z\" \/>\n\t\t\t<\/svg>\n\t\t<\/button><\/figure><\/div>\n\n\n<figure class=\"wp-block-gallery has-nested-images columns-default is-cropped wp-block-gallery-1 is-layout-flex wp-block-gallery-is-layout-flex\">\n<figure data-wp-context=\"{&quot;uploadedSrc&quot;:&quot;https:\\\/\\\/michemil.com\\\/wp-content\\\/uploads\\\/2026\\\/02\\\/bda1027c-09d1-4443-b331-591d76c68d19.jpeg&quot;,&quot;figureClassNames&quot;:&quot;wp-block-image size-large&quot;,&quot;figureStyles&quot;:null,&quot;imgClassNames&quot;:&quot;wp-image-1263&quot;,&quot;imgStyles&quot;:null,&quot;targetWidth&quot;:960,&quot;targetHeight&quot;:1280,&quot;scaleAttr&quot;:false,&quot;ariaLabel&quot;:&quot;Agrandir l\\u2018image&quot;,&quot;alt&quot;:&quot;&quot;}\" data-wp-interactive=\"core\/image\" class=\"wp-block-image size-large wp-lightbox-container\"><img loading=\"lazy\" decoding=\"async\" width=\"768\" height=\"1024\" data-wp-init=\"callbacks.setButtonStyles\" data-wp-on-async--click=\"actions.showLightbox\" data-wp-on-async--load=\"callbacks.setButtonStyles\" data-wp-on-async-window--resize=\"callbacks.setButtonStyles\" data-id=\"1263\" src=\"http:\/\/michemil.com\/wp-content\/uploads\/2026\/02\/bda1027c-09d1-4443-b331-591d76c68d19-768x1024.jpeg\" alt=\"\" class=\"wp-image-1263\" srcset=\"https:\/\/michemil.com\/wp-content\/uploads\/2026\/02\/bda1027c-09d1-4443-b331-591d76c68d19-768x1024.jpeg 768w, https:\/\/michemil.com\/wp-content\/uploads\/2026\/02\/bda1027c-09d1-4443-b331-591d76c68d19-225x300.jpeg 225w, https:\/\/michemil.com\/wp-content\/uploads\/2026\/02\/bda1027c-09d1-4443-b331-591d76c68d19.jpeg 960w\" sizes=\"(max-width: 768px) 100vw, 768px\" \/><button\n\t\t\tclass=\"lightbox-trigger\"\n\t\t\ttype=\"button\"\n\t\t\taria-haspopup=\"dialog\"\n\t\t\taria-label=\"Agrandir l\u2018image\"\n\t\t\tdata-wp-init=\"callbacks.initTriggerButton\"\n\t\t\tdata-wp-on-async--click=\"actions.showLightbox\"\n\t\t\tdata-wp-style--right=\"context.imageButtonRight\"\n\t\t\tdata-wp-style--top=\"context.imageButtonTop\"\n\t\t>\n\t\t\t<svg xmlns=\"http:\/\/www.w3.org\/2000\/svg\" width=\"12\" height=\"12\" fill=\"none\" viewBox=\"0 0 12 12\">\n\t\t\t\t<path fill=\"#fff\" d=\"M2 0a2 2 0 0 0-2 2v2h1.5V2a.5.5 0 0 1 .5-.5h2V0H2Zm2 10.5H2a.5.5 0 0 1-.5-.5V8H0v2a2 2 0 0 0 2 2h2v-1.5ZM8 12v-1.5h2a.5.5 0 0 0 .5-.5V8H12v2a2 2 0 0 1-2 2H8Zm2-12a2 2 0 0 1 2 2v2h-1.5V2a.5.5 0 0 0-.5-.5H8V0h2Z\" \/>\n\t\t\t<\/svg>\n\t\t<\/button><\/figure>\n\n\n\n<figure data-wp-context=\"{&quot;uploadedSrc&quot;:&quot;https:\\\/\\\/michemil.com\\\/wp-content\\\/uploads\\\/2026\\\/02\\\/WhatsApp-Image-2026-02-02-at-18.30.39-3-rotated.jpeg&quot;,&quot;figureClassNames&quot;:&quot;wp-block-image size-large is-style-default&quot;,&quot;figureStyles&quot;:null,&quot;imgClassNames&quot;:&quot;wp-image-1249&quot;,&quot;imgStyles&quot;:null,&quot;targetWidth&quot;:1280,&quot;targetHeight&quot;:720,&quot;scaleAttr&quot;:false,&quot;ariaLabel&quot;:&quot;Agrandir l\\u2018image&quot;,&quot;alt&quot;:&quot;&quot;}\" data-wp-interactive=\"core\/image\" class=\"wp-block-image size-large is-style-default wp-lightbox-container\"><img loading=\"lazy\" decoding=\"async\" width=\"1024\" height=\"576\" data-wp-init=\"callbacks.setButtonStyles\" data-wp-on-async--click=\"actions.showLightbox\" data-wp-on-async--load=\"callbacks.setButtonStyles\" data-wp-on-async-window--resize=\"callbacks.setButtonStyles\" data-id=\"1249\" src=\"https:\/\/michemil.com\/wp-content\/uploads\/2026\/02\/WhatsApp-Image-2026-02-02-at-18.30.39-3-1024x576.jpeg\" alt=\"\" class=\"wp-image-1249\" srcset=\"https:\/\/michemil.com\/wp-content\/uploads\/2026\/02\/WhatsApp-Image-2026-02-02-at-18.30.39-3-1024x576.jpeg 1024w, https:\/\/michemil.com\/wp-content\/uploads\/2026\/02\/WhatsApp-Image-2026-02-02-at-18.30.39-3-300x169.jpeg 300w, https:\/\/michemil.com\/wp-content\/uploads\/2026\/02\/WhatsApp-Image-2026-02-02-at-18.30.39-3-768x432.jpeg 768w, https:\/\/michemil.com\/wp-content\/uploads\/2026\/02\/WhatsApp-Image-2026-02-02-at-18.30.39-3-rotated.jpeg 1280w\" sizes=\"(max-width: 1024px) 100vw, 1024px\" \/><button\n\t\t\tclass=\"lightbox-trigger\"\n\t\t\ttype=\"button\"\n\t\t\taria-haspopup=\"dialog\"\n\t\t\taria-label=\"Agrandir l\u2018image\"\n\t\t\tdata-wp-init=\"callbacks.initTriggerButton\"\n\t\t\tdata-wp-on-async--click=\"actions.showLightbox\"\n\t\t\tdata-wp-style--right=\"context.imageButtonRight\"\n\t\t\tdata-wp-style--top=\"context.imageButtonTop\"\n\t\t>\n\t\t\t<svg xmlns=\"http:\/\/www.w3.org\/2000\/svg\" width=\"12\" height=\"12\" fill=\"none\" viewBox=\"0 0 12 12\">\n\t\t\t\t<path fill=\"#fff\" d=\"M2 0a2 2 0 0 0-2 2v2h1.5V2a.5.5 0 0 1 .5-.5h2V0H2Zm2 10.5H2a.5.5 0 0 1-.5-.5V8H0v2a2 2 0 0 0 2 2h2v-1.5ZM8 12v-1.5h2a.5.5 0 0 0 .5-.5V8H12v2a2 2 0 0 1-2 2H8Zm2-12a2 2 0 0 1 2 2v2h-1.5V2a.5.5 0 0 0-.5-.5H8V0h2Z\" \/>\n\t\t\t<\/svg>\n\t\t<\/button><\/figure>\n\n\n\n<figure data-wp-context=\"{&quot;uploadedSrc&quot;:&quot;https:\\\/\\\/michemil.com\\\/wp-content\\\/uploads\\\/2025\\\/12\\\/WhatsApp-Image-2025-12-30-at-22.27.05.jpeg&quot;,&quot;figureClassNames&quot;:&quot;wp-block-image size-full&quot;,&quot;figureStyles&quot;:null,&quot;imgClassNames&quot;:&quot;wp-image-1135&quot;,&quot;imgStyles&quot;:null,&quot;targetWidth&quot;:540,&quot;targetHeight&quot;:960,&quot;scaleAttr&quot;:false,&quot;ariaLabel&quot;:&quot;Agrandir l\\u2018image&quot;,&quot;alt&quot;:&quot;&quot;}\" data-wp-interactive=\"core\/image\" class=\"wp-block-image size-full wp-lightbox-container\"><img loading=\"lazy\" decoding=\"async\" width=\"540\" height=\"960\" data-wp-init=\"callbacks.setButtonStyles\" data-wp-on-async--click=\"actions.showLightbox\" data-wp-on-async--load=\"callbacks.setButtonStyles\" data-wp-on-async-window--resize=\"callbacks.setButtonStyles\" data-id=\"1135\" src=\"http:\/\/michemil.com\/wp-content\/uploads\/2025\/12\/WhatsApp-Image-2025-12-30-at-22.27.05.jpeg\" alt=\"\" class=\"wp-image-1135\" srcset=\"https:\/\/michemil.com\/wp-content\/uploads\/2025\/12\/WhatsApp-Image-2025-12-30-at-22.27.05.jpeg 540w, https:\/\/michemil.com\/wp-content\/uploads\/2025\/12\/WhatsApp-Image-2025-12-30-at-22.27.05-169x300.jpeg 169w\" sizes=\"(max-width: 540px) 100vw, 540px\" \/><button\n\t\t\tclass=\"lightbox-trigger\"\n\t\t\ttype=\"button\"\n\t\t\taria-haspopup=\"dialog\"\n\t\t\taria-label=\"Agrandir l\u2018image\"\n\t\t\tdata-wp-init=\"callbacks.initTriggerButton\"\n\t\t\tdata-wp-on-async--click=\"actions.showLightbox\"\n\t\t\tdata-wp-style--right=\"context.imageButtonRight\"\n\t\t\tdata-wp-style--top=\"context.imageButtonTop\"\n\t\t>\n\t\t\t<svg xmlns=\"http:\/\/www.w3.org\/2000\/svg\" width=\"12\" height=\"12\" fill=\"none\" viewBox=\"0 0 12 12\">\n\t\t\t\t<path fill=\"#fff\" d=\"M2 0a2 2 0 0 0-2 2v2h1.5V2a.5.5 0 0 1 .5-.5h2V0H2Zm2 10.5H2a.5.5 0 0 1-.5-.5V8H0v2a2 2 0 0 0 2 2h2v-1.5ZM8 12v-1.5h2a.5.5 0 0 0 .5-.5V8H12v2a2 2 0 0 1-2 2H8Zm2-12a2 2 0 0 1 2 2v2h-1.5V2a.5.5 0 0 0-.5-.5H8V0h2Z\" \/>\n\t\t\t<\/svg>\n\t\t<\/button><\/figure>\n<\/figure>\n\n\n\n<p>Vous pouvez consulter <a href=\"http:\/\/michemil.com\/?page_id=175\" target=\"_blank\" rel=\"noreferrer noopener\">notre programme de fid\u00e9lit\u00e9<\/a>. Des remises sont r\u00e9guli\u00e8rement pratiqu\u00e9es dans notre \u00e9tablissement. Effectuez rapidement votre r\u00e9servation pour en b\u00e9n\u00e9ficier!<\/p>\n\n\n\n<div class=\"wp-block-buttons is-layout-flex wp-block-buttons-is-layout-flex\">\n<div class=\"wp-block-button\"><a class=\"wp-block-button__link wp-element-button\" href=\"http:\/\/michemil.com\/?page_id=74\">R\u00e9servez maintenant!<\/a><\/div>\n<\/div>\n\n\n\n<p><\/p>\n","protected":false},"excerpt":{"rendered":"<p>En hauteur, les Suites Sup\u00e9rieures se distinguent par une vue imprenable sur le quartier Bastos et\/ou la ville de Yaound\u00e9. Caract\u00e9ris\u00e9es par de grands volumes qui magnifient la libert\u00e9, elles sont dot\u00e9es d\u2019une chambre \u00e0 coucher avec salle de bain privative \u00e9quip\u00e9e d&rsquo;une colonne hydromassante. Le salon, \u00e9quip\u00e9 de mobilier en cuir, vous offrira l&rsquo;opportunit\u00e9 [&hellip;]<\/p>\n","protected":false},"author":1,"featured_media":1246,"parent":790,"menu_order":2,"comment_status":"closed","ping_status":"closed","template":"","meta":{"footnotes":""},"class_list":["post-1114","page","type-page","status-publish","has-post-thumbnail","hentry"],"_links":{"self":[{"href":"https:\/\/michemil.com\/index.php?rest_route=\/wp\/v2\/pages\/1114"}],"collection":[{"href":"https:\/\/michemil.com\/index.php?rest_route=\/wp\/v2\/pages"}],"about":[{"href":"https:\/\/michemil.com\/index.php?rest_route=\/wp\/v2\/types\/page"}],"author":[{"embeddable":true,"href":"https:\/\/michemil.com\/index.php?rest_route=\/wp\/v2\/users\/1"}],"replies":[{"embeddable":true,"href":"https:\/\/michemil.com\/index.php?rest_route=%2Fwp%2Fv2%2Fcomments&post=1114"}],"version-history":[{"count":10,"href":"https:\/\/michemil.com\/index.php?rest_route=\/wp\/v2\/pages\/1114\/revisions"}],"predecessor-version":[{"id":1264,"href":"https:\/\/michemil.com\/index.php?rest_route=\/wp\/v2\/pages\/1114\/revisions\/1264"}],"up":[{"embeddable":true,"href":"https:\/\/michemil.com\/index.php?rest_route=\/wp\/v2\/pages\/790"}],"wp:featuredmedia":[{"embeddable":true,"href":"https:\/\/michemil.com\/index.php?rest_route=\/wp\/v2\/media\/1246"}],"wp:attachment":[{"href":"https:\/\/michemil.com\/index.php?rest_route=%2Fwp%2Fv2%2Fmedia&parent=1114"}],"curies":[{"name":"wp","href":"https:\/\/api.w.org\/{rel}","templated":true}]}}