            {"id":1116,"date":"2025-12-30T21:21:12","date_gmt":"2025-12-30T20:21:12","guid":{"rendered":"https:\/\/michemil.com\/?page_id=1116"},"modified":"2026-02-13T13:11:58","modified_gmt":"2026-02-13T12:11:58","slug":"suite-executive","status":"publish","type":"page","link":"https:\/\/michemil.com\/?page_id=1116","title":{"rendered":"Suite Ex\u00e9cutive"},"content":{"rendered":"\n<p>Raffinement, \u00e9l\u00e9gance, d\u00e9licatesse, espace, sont autant de mots qui viennent \u00e0 l&rsquo;esprit pour \u00e9voquer cette Suite de charme et de romance, le \u00ab\u00a0net plus ultra\u00a0\u00bb de la R\u00e9sidence. Votre Suite Ex\u00e9cutive est dot\u00e9e d&rsquo;une chambre \u00e0 coucher avec une salle de bain privative \u00e9quip\u00e9e d&rsquo;une colonne hydromassante dor\u00e9e. Le vaste salon et son mobilier chic, ach\u00e8veront de vous convaincre. Vous pourrez y appr\u00e9cier les cha\u00eenes CANAL+ sur un \u00e9cran plat, dans un salon en cuir de 5 places aux couleurs sobres et chaleureuses. La salle \u00e0 manger avec ses dorures de charmes, vous permettra de recevoir vos convives. Vous b\u00e9n\u00e9ficierez par ailleurs d&rsquo;une grande cuisine bien \u00e9quip\u00e9e pour les amateurs de petits plats faits-maison, avec la possibilit\u00e9 de mobiliser les services d&rsquo;un chef attitr\u00e9 le temps de votre s\u00e9jour. Un d\u00e9barras et une buanderie dot\u00e9e d&rsquo;une machine \u00e0 laver, sublimeront votre sensation de parfaite autonomie, avec les services d&rsquo;un \u00e9tablissement h\u00f4telier en sus.<\/p>\n\n\n\n<figure class=\"wp-block-image size-large\"><img loading=\"lazy\" decoding=\"async\" width=\"1024\" height=\"576\" src=\"https:\/\/michemil.com\/wp-content\/uploads\/2026\/02\/WhatsApp-Image-2026-02-11-at-16.18.30-1-1024x576.jpeg\" alt=\"\" class=\"wp-image-1243\" srcset=\"https:\/\/michemil.com\/wp-content\/uploads\/2026\/02\/WhatsApp-Image-2026-02-11-at-16.18.30-1-1024x576.jpeg 1024w, https:\/\/michemil.com\/wp-content\/uploads\/2026\/02\/WhatsApp-Image-2026-02-11-at-16.18.30-1-300x169.jpeg 300w, https:\/\/michemil.com\/wp-content\/uploads\/2026\/02\/WhatsApp-Image-2026-02-11-at-16.18.30-1-768x432.jpeg 768w, https:\/\/michemil.com\/wp-content\/uploads\/2026\/02\/WhatsApp-Image-2026-02-11-at-16.18.30-1-rotated.jpeg 1280w\" sizes=\"(max-width: 1024px) 100vw, 1024px\" \/><\/figure>\n\n\n\n<figure class=\"wp-block-gallery has-nested-images columns-default is-cropped wp-block-gallery-1 is-layout-flex wp-block-gallery-is-layout-flex\">\n<figure data-wp-context=\"{&quot;uploadedSrc&quot;:&quot;https:\\\/\\\/michemil.com\\\/wp-content\\\/uploads\\\/2026\\\/02\\\/WhatsApp-Image-2026-02-11-at-16.18.39-2-rotated.jpeg&quot;,&quot;figureClassNames&quot;:&quot;wp-block-image size-large&quot;,&quot;figureStyles&quot;:null,&quot;imgClassNames&quot;:&quot;wp-image-1238&quot;,&quot;imgStyles&quot;:null,&quot;targetWidth&quot;:1280,&quot;targetHeight&quot;:720,&quot;scaleAttr&quot;:false,&quot;ariaLabel&quot;:&quot;Agrandir l\\u2018image&quot;,&quot;alt&quot;:&quot;&quot;}\" data-wp-interactive=\"core\/image\" class=\"wp-block-image size-large wp-lightbox-container\"><img loading=\"lazy\" decoding=\"async\" width=\"1024\" height=\"576\" data-wp-init=\"callbacks.setButtonStyles\" data-wp-on-async--click=\"actions.showLightbox\" data-wp-on-async--load=\"callbacks.setButtonStyles\" data-wp-on-async-window--resize=\"callbacks.setButtonStyles\" data-id=\"1238\" src=\"https:\/\/michemil.com\/wp-content\/uploads\/2026\/02\/WhatsApp-Image-2026-02-11-at-16.18.39-2-1024x576.jpeg\" alt=\"\" class=\"wp-image-1238\" srcset=\"https:\/\/michemil.com\/wp-content\/uploads\/2026\/02\/WhatsApp-Image-2026-02-11-at-16.18.39-2-1024x576.jpeg 1024w, https:\/\/michemil.com\/wp-content\/uploads\/2026\/02\/WhatsApp-Image-2026-02-11-at-16.18.39-2-300x169.jpeg 300w, https:\/\/michemil.com\/wp-content\/uploads\/2026\/02\/WhatsApp-Image-2026-02-11-at-16.18.39-2-768x432.jpeg 768w, https:\/\/michemil.com\/wp-content\/uploads\/2026\/02\/WhatsApp-Image-2026-02-11-at-16.18.39-2-rotated.jpeg 1280w\" sizes=\"(max-width: 1024px) 100vw, 1024px\" \/><button\n\t\t\tclass=\"lightbox-trigger\"\n\t\t\ttype=\"button\"\n\t\t\taria-haspopup=\"dialog\"\n\t\t\taria-label=\"Agrandir l\u2018image\"\n\t\t\tdata-wp-init=\"callbacks.initTriggerButton\"\n\t\t\tdata-wp-on-async--click=\"actions.showLightbox\"\n\t\t\tdata-wp-style--right=\"context.imageButtonRight\"\n\t\t\tdata-wp-style--top=\"context.imageButtonTop\"\n\t\t>\n\t\t\t<svg xmlns=\"http:\/\/www.w3.org\/2000\/svg\" width=\"12\" height=\"12\" fill=\"none\" viewBox=\"0 0 12 12\">\n\t\t\t\t<path fill=\"#fff\" d=\"M2 0a2 2 0 0 0-2 2v2h1.5V2a.5.5 0 0 1 .5-.5h2V0H2Zm2 10.5H2a.5.5 0 0 1-.5-.5V8H0v2a2 2 0 0 0 2 2h2v-1.5ZM8 12v-1.5h2a.5.5 0 0 0 .5-.5V8H12v2a2 2 0 0 1-2 2H8Zm2-12a2 2 0 0 1 2 2v2h-1.5V2a.5.5 0 0 0-.5-.5H8V0h2Z\" \/>\n\t\t\t<\/svg>\n\t\t<\/button><\/figure>\n\n\n\n<figure data-wp-context=\"{&quot;uploadedSrc&quot;:&quot;https:\\\/\\\/michemil.com\\\/wp-content\\\/uploads\\\/2026\\\/02\\\/WhatsApp-Image-2026-02-11-at-16.18.31-1.jpeg&quot;,&quot;figureClassNames&quot;:&quot;wp-block-image size-large&quot;,&quot;figureStyles&quot;:null,&quot;imgClassNames&quot;:&quot;wp-image-1239&quot;,&quot;imgStyles&quot;:null,&quot;targetWidth&quot;:720,&quot;targetHeight&quot;:1280,&quot;scaleAttr&quot;:false,&quot;ariaLabel&quot;:&quot;Agrandir l\\u2018image&quot;,&quot;alt&quot;:&quot;&quot;}\" data-wp-interactive=\"core\/image\" class=\"wp-block-image size-large wp-lightbox-container\"><img loading=\"lazy\" decoding=\"async\" width=\"576\" height=\"1024\" data-wp-init=\"callbacks.setButtonStyles\" data-wp-on-async--click=\"actions.showLightbox\" data-wp-on-async--load=\"callbacks.setButtonStyles\" data-wp-on-async-window--resize=\"callbacks.setButtonStyles\" data-id=\"1239\" src=\"https:\/\/michemil.com\/wp-content\/uploads\/2026\/02\/WhatsApp-Image-2026-02-11-at-16.18.31-1-576x1024.jpeg\" alt=\"\" class=\"wp-image-1239\" srcset=\"https:\/\/michemil.com\/wp-content\/uploads\/2026\/02\/WhatsApp-Image-2026-02-11-at-16.18.31-1-576x1024.jpeg 576w, https:\/\/michemil.com\/wp-content\/uploads\/2026\/02\/WhatsApp-Image-2026-02-11-at-16.18.31-1-169x300.jpeg 169w, https:\/\/michemil.com\/wp-content\/uploads\/2026\/02\/WhatsApp-Image-2026-02-11-at-16.18.31-1.jpeg 720w\" sizes=\"(max-width: 576px) 100vw, 576px\" \/><button\n\t\t\tclass=\"lightbox-trigger\"\n\t\t\ttype=\"button\"\n\t\t\taria-haspopup=\"dialog\"\n\t\t\taria-label=\"Agrandir l\u2018image\"\n\t\t\tdata-wp-init=\"callbacks.initTriggerButton\"\n\t\t\tdata-wp-on-async--click=\"actions.showLightbox\"\n\t\t\tdata-wp-style--right=\"context.imageButtonRight\"\n\t\t\tdata-wp-style--top=\"context.imageButtonTop\"\n\t\t>\n\t\t\t<svg xmlns=\"http:\/\/www.w3.org\/2000\/svg\" width=\"12\" height=\"12\" fill=\"none\" viewBox=\"0 0 12 12\">\n\t\t\t\t<path fill=\"#fff\" d=\"M2 0a2 2 0 0 0-2 2v2h1.5V2a.5.5 0 0 1 .5-.5h2V0H2Zm2 10.5H2a.5.5 0 0 1-.5-.5V8H0v2a2 2 0 0 0 2 2h2v-1.5ZM8 12v-1.5h2a.5.5 0 0 0 .5-.5V8H12v2a2 2 0 0 1-2 2H8Zm2-12a2 2 0 0 1 2 2v2h-1.5V2a.5.5 0 0 0-.5-.5H8V0h2Z\" \/>\n\t\t\t<\/svg>\n\t\t<\/button><\/figure>\n\n\n\n<figure data-wp-context=\"{&quot;uploadedSrc&quot;:&quot;https:\\\/\\\/michemil.com\\\/wp-content\\\/uploads\\\/2025\\\/12\\\/WhatsApp-Image-2025-12-30-at-22.27.58.jpeg&quot;,&quot;figureClassNames&quot;:&quot;wp-block-image size-full is-style-default&quot;,&quot;figureStyles&quot;:null,&quot;imgClassNames&quot;:&quot;wp-image-1139&quot;,&quot;imgStyles&quot;:null,&quot;targetWidth&quot;:540,&quot;targetHeight&quot;:960,&quot;scaleAttr&quot;:false,&quot;ariaLabel&quot;:&quot;Agrandir l\\u2018image&quot;,&quot;alt&quot;:&quot;&quot;}\" data-wp-interactive=\"core\/image\" class=\"wp-block-image size-full is-style-default wp-lightbox-container\"><img loading=\"lazy\" decoding=\"async\" width=\"540\" height=\"960\" data-wp-init=\"callbacks.setButtonStyles\" data-wp-on-async--click=\"actions.showLightbox\" data-wp-on-async--load=\"callbacks.setButtonStyles\" data-wp-on-async-window--resize=\"callbacks.setButtonStyles\" data-id=\"1139\" src=\"http:\/\/michemil.com\/wp-content\/uploads\/2025\/12\/WhatsApp-Image-2025-12-30-at-22.27.58.jpeg\" alt=\"\" class=\"wp-image-1139\" srcset=\"https:\/\/michemil.com\/wp-content\/uploads\/2025\/12\/WhatsApp-Image-2025-12-30-at-22.27.58.jpeg 540w, https:\/\/michemil.com\/wp-content\/uploads\/2025\/12\/WhatsApp-Image-2025-12-30-at-22.27.58-169x300.jpeg 169w\" sizes=\"(max-width: 540px) 100vw, 540px\" \/><button\n\t\t\tclass=\"lightbox-trigger\"\n\t\t\ttype=\"button\"\n\t\t\taria-haspopup=\"dialog\"\n\t\t\taria-label=\"Agrandir l\u2018image\"\n\t\t\tdata-wp-init=\"callbacks.initTriggerButton\"\n\t\t\tdata-wp-on-async--click=\"actions.showLightbox\"\n\t\t\tdata-wp-style--right=\"context.imageButtonRight\"\n\t\t\tdata-wp-style--top=\"context.imageButtonTop\"\n\t\t>\n\t\t\t<svg xmlns=\"http:\/\/www.w3.org\/2000\/svg\" width=\"12\" height=\"12\" fill=\"none\" viewBox=\"0 0 12 12\">\n\t\t\t\t<path fill=\"#fff\" d=\"M2 0a2 2 0 0 0-2 2v2h1.5V2a.5.5 0 0 1 .5-.5h2V0H2Zm2 10.5H2a.5.5 0 0 1-.5-.5V8H0v2a2 2 0 0 0 2 2h2v-1.5ZM8 12v-1.5h2a.5.5 0 0 0 .5-.5V8H12v2a2 2 0 0 1-2 2H8Zm2-12a2 2 0 0 1 2 2v2h-1.5V2a.5.5 0 0 0-.5-.5H8V0h2Z\" \/>\n\t\t\t<\/svg>\n\t\t<\/button><\/figure>\n<\/figure>\n\n\n\n<p>La belle et grande terrasse meubl\u00e9e, accessible depuis le salon ou la chambre, est une invitation \u00e0 la relaxation et au farniente, avec une vue imprenable sur la ville de Yaound\u00e9 et ses collines verdoyantes, comme ci-dessous, avec une vue au lointain sur le Palais pr\u00e9sidentiel d&rsquo;Etoudi&#8230;<\/p>\n\n\n<div class=\"wp-block-image\">\n<figure data-wp-context=\"{&quot;uploadedSrc&quot;:&quot;https:\\\/\\\/michemil.com\\\/wp-content\\\/uploads\\\/2021\\\/05\\\/20191201_142623-scaled.jpg&quot;,&quot;figureClassNames&quot;:&quot;aligncenter size-large&quot;,&quot;figureStyles&quot;:null,&quot;imgClassNames&quot;:&quot;wp-image-254&quot;,&quot;imgStyles&quot;:null,&quot;targetWidth&quot;:2560,&quot;targetHeight&quot;:1440,&quot;scaleAttr&quot;:false,&quot;ariaLabel&quot;:&quot;Agrandir l\\u2018image&quot;,&quot;alt&quot;:&quot;&quot;}\" data-wp-interactive=\"core\/image\" class=\"aligncenter size-large wp-lightbox-container\"><img loading=\"lazy\" decoding=\"async\" width=\"1024\" height=\"576\" data-wp-init=\"callbacks.setButtonStyles\" data-wp-on-async--click=\"actions.showLightbox\" data-wp-on-async--load=\"callbacks.setButtonStyles\" data-wp-on-async-window--resize=\"callbacks.setButtonStyles\" src=\"http:\/\/michemil.com\/wp-content\/uploads\/2021\/05\/20191201_142623-1024x576.jpg\" alt=\"\" class=\"wp-image-254\" srcset=\"https:\/\/michemil.com\/wp-content\/uploads\/2021\/05\/20191201_142623-1024x576.jpg 1024w, https:\/\/michemil.com\/wp-content\/uploads\/2021\/05\/20191201_142623-300x169.jpg 300w, https:\/\/michemil.com\/wp-content\/uploads\/2021\/05\/20191201_142623-768x432.jpg 768w, https:\/\/michemil.com\/wp-content\/uploads\/2021\/05\/20191201_142623-1536x864.jpg 1536w, https:\/\/michemil.com\/wp-content\/uploads\/2021\/05\/20191201_142623-2048x1152.jpg 2048w\" sizes=\"(max-width: 1024px) 100vw, 1024px\" \/><button\n\t\t\tclass=\"lightbox-trigger\"\n\t\t\ttype=\"button\"\n\t\t\taria-haspopup=\"dialog\"\n\t\t\taria-label=\"Agrandir l\u2018image\"\n\t\t\tdata-wp-init=\"callbacks.initTriggerButton\"\n\t\t\tdata-wp-on-async--click=\"actions.showLightbox\"\n\t\t\tdata-wp-style--right=\"context.imageButtonRight\"\n\t\t\tdata-wp-style--top=\"context.imageButtonTop\"\n\t\t>\n\t\t\t<svg xmlns=\"http:\/\/www.w3.org\/2000\/svg\" width=\"12\" height=\"12\" fill=\"none\" viewBox=\"0 0 12 12\">\n\t\t\t\t<path fill=\"#fff\" d=\"M2 0a2 2 0 0 0-2 2v2h1.5V2a.5.5 0 0 1 .5-.5h2V0H2Zm2 10.5H2a.5.5 0 0 1-.5-.5V8H0v2a2 2 0 0 0 2 2h2v-1.5ZM8 12v-1.5h2a.5.5 0 0 0 .5-.5V8H12v2a2 2 0 0 1-2 2H8Zm2-12a2 2 0 0 1 2 2v2h-1.5V2a.5.5 0 0 0-.5-.5H8V0h2Z\" \/>\n\t\t\t<\/svg>\n\t\t<\/button><\/figure><\/div>\n\n\n<div class=\"wp-block-buttons is-layout-flex wp-block-buttons-is-layout-flex\">\n<div class=\"wp-block-button\"><a class=\"wp-block-button__link wp-element-button\" href=\"http:\/\/michemil.com\/?page_id=74\">R\u00e9servez maintenant!<\/a><\/div>\n<\/div>\n\n\n<p>Vous pouvez consulter <a href=\"http:\/\/michemil.com\/?page_id=175\" target=\"_blank\" rel=\"noreferrer noopener\" data-type=\"page\" data-id=\"175\">notre programme de fid\u00e9lit\u00e9<\/a>. Des remises sont r\u00e9guli\u00e8rement pratiqu\u00e9es dans notre \u00e9tablissement. <span style=\"font-size: revert; color: initial;\">Effectuez rapidement votre r\u00e9servation pour en b\u00e9n\u00e9ficier!<\/span><\/p>","protected":false},"excerpt":{"rendered":"<p>Raffinement, \u00e9l\u00e9gance, d\u00e9licatesse, espace, sont autant de mots qui viennent \u00e0 l&rsquo;esprit pour \u00e9voquer cette Suite de charme et de romance, le \u00ab\u00a0net plus ultra\u00a0\u00bb de la R\u00e9sidence. Votre Suite Ex\u00e9cutive est dot\u00e9e d&rsquo;une chambre \u00e0 coucher avec une salle de bain privative \u00e9quip\u00e9e d&rsquo;une colonne hydromassante dor\u00e9e. Le vaste salon et son mobilier chic, [&hellip;]<\/p>\n","protected":false},"author":1,"featured_media":1251,"parent":790,"menu_order":1,"comment_status":"closed","ping_status":"closed","template":"","meta":{"footnotes":""},"class_list":["post-1116","page","type-page","status-publish","has-post-thumbnail","hentry"],"_links":{"self":[{"href":"https:\/\/michemil.com\/index.php?rest_route=\/wp\/v2\/pages\/1116"}],"collection":[{"href":"https:\/\/michemil.com\/index.php?rest_route=\/wp\/v2\/pages"}],"about":[{"href":"https:\/\/michemil.com\/index.php?rest_route=\/wp\/v2\/types\/page"}],"author":[{"embeddable":true,"href":"https:\/\/michemil.com\/index.php?rest_route=\/wp\/v2\/users\/1"}],"replies":[{"embeddable":true,"href":"https:\/\/michemil.com\/index.php?rest_route=%2Fwp%2Fv2%2Fcomments&post=1116"}],"version-history":[{"count":11,"href":"https:\/\/michemil.com\/index.php?rest_route=\/wp\/v2\/pages\/1116\/revisions"}],"predecessor-version":[{"id":1245,"href":"https:\/\/michemil.com\/index.php?rest_route=\/wp\/v2\/pages\/1116\/revisions\/1245"}],"up":[{"embeddable":true,"href":"https:\/\/michemil.com\/index.php?rest_route=\/wp\/v2\/pages\/790"}],"wp:featuredmedia":[{"embeddable":true,"href":"https:\/\/michemil.com\/index.php?rest_route=\/wp\/v2\/media\/1251"}],"wp:attachment":[{"href":"https:\/\/michemil.com\/index.php?rest_route=%2Fwp%2Fv2%2Fmedia&parent=1116"}],"curies":[{"name":"wp","href":"https:\/\/api.w.org\/{rel}","templated":true}]}}