            {"id":143,"date":"2021-05-06T17:03:38","date_gmt":"2021-05-06T15:03:38","guid":{"rendered":"http:\/\/michemil.com\/?page_id=143"},"modified":"2025-11-21T21:43:48","modified_gmt":"2025-11-21T20:43:48","slug":"restaurant-the-bluebird-lounge","status":"publish","type":"page","link":"https:\/\/michemil.com\/?page_id=143","title":{"rendered":"The Bluebird Lounge"},"content":{"rendered":"\n<p class=\"has-text-align-center\"><strong><a href=\"http:\/\/michemil.com\/wp-content\/uploads\/2022\/07\/Menu_Restaurant-v3.pdf\" data-type=\"attachment\" data-id=\"610\"><mark style=\"background-color:#0693e3\" class=\"has-inline-color has-white-color\">T\u00e9l\u00e9charger la Carte du Restaurant<\/mark><\/a><\/strong>      <strong><a href=\"http:\/\/michemil.com\/wp-content\/uploads\/2022\/07\/Carte_vins-v2.pdf\" data-type=\"attachment\" data-id=\"613\"><mark style=\"background-color:#0693e3\" class=\"has-inline-color has-white-color\">T\u00e9l\u00e9charger la Carte des Vins<\/mark><\/a><\/strong>         <strong><a href=\"http:\/\/michemil.com\/wp-content\/uploads\/2022\/07\/Carte_bar-v4.pdf\" data-type=\"attachment\" data-id=\"614\"><mark style=\"background-color:#0693e3\" class=\"has-inline-color has-white-color\">T\u00e9l\u00e9charger la Carte du Bar<\/mark><\/a><\/strong>     <img decoding=\"async\" class=\"wp-image-610\" style=\"width: NaNpx;\" src=\"http:\/\/michemil.com\/wp-content\/uploads\/2022\/07\/Menu_Restaurant-v3.pdf\" alt=\"\"><\/p>\n\n\n\n<p>Au rez-de-chauss\u00e9e des <strong>R\u00e9sidences h\u00f4teli\u00e8res Micheline et Emile<\/strong>, c\u00f4t\u00e9 Micheline avec pignon sur rue, votre restaurant <strong>The Bluebird Lounge<\/strong> vous s\u00e9duira avec son d\u00e9cor magique et un mobilier chic qui subliment diff\u00e9rentes essences de bois tropicaux parfaitement agenc\u00e9es.<\/p>\n\n\n\n<div class=\"wp-block-media-text alignwide is-stacked-on-mobile\" style=\"grid-template-columns:25% auto\"><figure class=\"wp-block-media-text__media\"><img loading=\"lazy\" decoding=\"async\" width=\"768\" height=\"1024\" src=\"http:\/\/michemil.com\/wp-content\/uploads\/2022\/07\/Serveuse-Ines_Bar-768x1024.jpeg\" alt=\"\" class=\"wp-image-617 size-full\" srcset=\"https:\/\/michemil.com\/wp-content\/uploads\/2022\/07\/Serveuse-Ines_Bar-768x1024.jpeg 768w, https:\/\/michemil.com\/wp-content\/uploads\/2022\/07\/Serveuse-Ines_Bar-225x300.jpeg 225w, https:\/\/michemil.com\/wp-content\/uploads\/2022\/07\/Serveuse-Ines_Bar.jpeg 810w\" sizes=\"(max-width: 768px) 100vw, 768px\" \/><\/figure><div class=\"wp-block-media-text__content\">\n<p style=\"font-size:17px\">La classe, le charme et la volupt\u00e9 ne suffisent pas \u00e0 d\u00e9crire les sensations qui seront les v\u00f4tres. Son mobilier reposant et ses lumi\u00e8res tamis\u00e9es en soir\u00e9es font de ce lounge un v\u00e9ritable espace de d\u00e9tente. Le personnel, aux petits soins, ach\u00e8vera de vous convaincre d&rsquo;y revenir inlassablement, pour appr\u00e9cier ses cocktails plus originaux les uns que les autres, la cuisine d\u00e9licate et exceptionnellement exquise du Chef, et les prestations envoutantes d&rsquo;un piano bar tous les soirs.<\/p>\n<\/div><\/div>\n\n\n\n<div class=\"wp-block-media-text alignwide has-media-on-the-right is-stacked-on-mobile\" style=\"grid-template-columns:auto 48%\"><div class=\"wp-block-media-text__content\">\n<p style=\"font-size:17px\">Sa mythique cave \u00e0 vins, vous fera d\u00e9couvrir ses merveilles du monde, aux c\u00e9pages vari\u00e9s, de France, d&rsquo;Italie, d&rsquo;Espagne, mais aussi du Chili, d&rsquo;Afrique du Sud, etc. Laissez-vous guider par le Sommelier en chef, qui se fera un plaisir de vous transporter d&rsquo;un continent \u00e0 l&rsquo;autre, d&rsquo;un pays \u00e0 l&rsquo;autre, d&rsquo;une r\u00e9gion \u00e0 l&rsquo;autre, gr\u00e2ce \u00e0 une s\u00e9lection de bouteilles m\u00e9ticuleusement tri\u00e9es sur le volet.<\/p>\n<\/div><figure class=\"wp-block-media-text__media\"><img loading=\"lazy\" decoding=\"async\" width=\"1024\" height=\"576\" src=\"http:\/\/michemil.com\/wp-content\/uploads\/2022\/07\/WhatsApp-Image-2022-06-28-at-22.24.39-1024x576.jpeg\" alt=\"\" class=\"wp-image-618 size-full\" srcset=\"https:\/\/michemil.com\/wp-content\/uploads\/2022\/07\/WhatsApp-Image-2022-06-28-at-22.24.39-1024x576.jpeg 1024w, https:\/\/michemil.com\/wp-content\/uploads\/2022\/07\/WhatsApp-Image-2022-06-28-at-22.24.39-300x169.jpeg 300w, https:\/\/michemil.com\/wp-content\/uploads\/2022\/07\/WhatsApp-Image-2022-06-28-at-22.24.39-768x432.jpeg 768w, https:\/\/michemil.com\/wp-content\/uploads\/2022\/07\/WhatsApp-Image-2022-06-28-at-22.24.39-rotated.jpeg 1080w\" sizes=\"(max-width: 1024px) 100vw, 1024px\" \/><\/figure><\/div>\n\n\n\n<p class=\"has-text-align-left\">En semaine, un buffet est propos\u00e9 aux nombreux travailleurs du voisinage. Une occasion de d\u00e9jeuner entre coll\u00e8gues dans un cadre chic, \u00e0 petit prix et sans perte de temps. Diff\u00e9rentes formules de <strong><a rel=\"noreferrer noopener\" href=\"http:\/\/michemil.com\/?page_id=173\" data-type=\"page\" data-id=\"173\" target=\"_blank\">Ch\u00e8ques-d\u00e9jeuner WATCH&rsquo;<\/a><\/strong> particuli\u00e8rement \u00e9conomiques sont d&rsquo;ailleurs propos\u00e9es aux travailleurs et aux entreprises du voisinage, pour une parfaite ma\u00eetrise de son budget.<\/p>\n\n\n\n<figure class=\"wp-block-image size-large\"><img loading=\"lazy\" decoding=\"async\" width=\"1024\" height=\"576\" src=\"http:\/\/michemil.com\/wp-content\/uploads\/2021\/05\/WhatsApp-Image-2021-05-06-at-20.35.07-1024x576.jpeg\" alt=\"\" class=\"wp-image-236\" srcset=\"https:\/\/michemil.com\/wp-content\/uploads\/2021\/05\/WhatsApp-Image-2021-05-06-at-20.35.07-1024x576.jpeg 1024w, https:\/\/michemil.com\/wp-content\/uploads\/2021\/05\/WhatsApp-Image-2021-05-06-at-20.35.07-300x169.jpeg 300w, https:\/\/michemil.com\/wp-content\/uploads\/2021\/05\/WhatsApp-Image-2021-05-06-at-20.35.07-768x432.jpeg 768w, https:\/\/michemil.com\/wp-content\/uploads\/2021\/05\/WhatsApp-Image-2021-05-06-at-20.35.07.jpeg 1328w\" sizes=\"(max-width: 1024px) 100vw, 1024px\" \/><figcaption class=\"wp-element-caption\">La c\u00e9l\u00e8bre cave \u00e0 vin du Bluebird Lounge<\/figcaption><\/figure>\n\n\n\n<figure class=\"wp-block-gallery has-nested-images columns-default is-cropped wp-block-gallery-1 is-layout-flex wp-block-gallery-is-layout-flex\">\n<figure class=\"wp-block-image size-large\"><img loading=\"lazy\" decoding=\"async\" width=\"1024\" height=\"576\" data-id=\"423\" src=\"http:\/\/michemil.com\/wp-content\/uploads\/2022\/06\/20210307_192520-1024x576.jpg\" alt=\"\" class=\"wp-image-423\" srcset=\"https:\/\/michemil.com\/wp-content\/uploads\/2022\/06\/20210307_192520-1024x576.jpg 1024w, https:\/\/michemil.com\/wp-content\/uploads\/2022\/06\/20210307_192520-300x169.jpg 300w, https:\/\/michemil.com\/wp-content\/uploads\/2022\/06\/20210307_192520-768x432.jpg 768w, https:\/\/michemil.com\/wp-content\/uploads\/2022\/06\/20210307_192520-1536x864.jpg 1536w, https:\/\/michemil.com\/wp-content\/uploads\/2022\/06\/20210307_192520-2048x1152.jpg 2048w\" sizes=\"(max-width: 1024px) 100vw, 1024px\" \/><\/figure>\n\n\n\n<figure class=\"wp-block-image size-large\"><img loading=\"lazy\" decoding=\"async\" width=\"1024\" height=\"576\" data-id=\"431\" src=\"http:\/\/michemil.com\/wp-content\/uploads\/2022\/06\/20210313_131520-1024x576.jpg\" alt=\"\" class=\"wp-image-431\" srcset=\"https:\/\/michemil.com\/wp-content\/uploads\/2022\/06\/20210313_131520-1024x576.jpg 1024w, https:\/\/michemil.com\/wp-content\/uploads\/2022\/06\/20210313_131520-300x169.jpg 300w, https:\/\/michemil.com\/wp-content\/uploads\/2022\/06\/20210313_131520-768x432.jpg 768w, https:\/\/michemil.com\/wp-content\/uploads\/2022\/06\/20210313_131520-1536x864.jpg 1536w, https:\/\/michemil.com\/wp-content\/uploads\/2022\/06\/20210313_131520-2048x1152.jpg 2048w\" sizes=\"(max-width: 1024px) 100vw, 1024px\" \/><\/figure>\n\n\n\n<figure class=\"wp-block-image size-large\"><img loading=\"lazy\" decoding=\"async\" width=\"1024\" height=\"576\" data-id=\"430\" src=\"http:\/\/michemil.com\/wp-content\/uploads\/2022\/06\/20210313_131959-1024x576.jpg\" alt=\"\" class=\"wp-image-430\" srcset=\"https:\/\/michemil.com\/wp-content\/uploads\/2022\/06\/20210313_131959-1024x576.jpg 1024w, https:\/\/michemil.com\/wp-content\/uploads\/2022\/06\/20210313_131959-300x169.jpg 300w, https:\/\/michemil.com\/wp-content\/uploads\/2022\/06\/20210313_131959-768x432.jpg 768w, https:\/\/michemil.com\/wp-content\/uploads\/2022\/06\/20210313_131959-1536x864.jpg 1536w, https:\/\/michemil.com\/wp-content\/uploads\/2022\/06\/20210313_131959-2048x1152.jpg 2048w\" sizes=\"(max-width: 1024px) 100vw, 1024px\" \/><\/figure>\n\n\n\n<figure class=\"wp-block-image size-large\"><img loading=\"lazy\" decoding=\"async\" width=\"1024\" height=\"576\" data-id=\"432\" src=\"http:\/\/michemil.com\/wp-content\/uploads\/2022\/06\/WhatsApp-Image-2022-06-28-at-22.24.38-1024x576.jpeg\" alt=\"\" class=\"wp-image-432\" srcset=\"https:\/\/michemil.com\/wp-content\/uploads\/2022\/06\/WhatsApp-Image-2022-06-28-at-22.24.38-1024x576.jpeg 1024w, https:\/\/michemil.com\/wp-content\/uploads\/2022\/06\/WhatsApp-Image-2022-06-28-at-22.24.38-300x169.jpeg 300w, https:\/\/michemil.com\/wp-content\/uploads\/2022\/06\/WhatsApp-Image-2022-06-28-at-22.24.38-768x432.jpeg 768w, https:\/\/michemil.com\/wp-content\/uploads\/2022\/06\/WhatsApp-Image-2022-06-28-at-22.24.38-rotated.jpeg 1080w\" sizes=\"(max-width: 1024px) 100vw, 1024px\" \/><\/figure>\n\n\n\n<figure class=\"wp-block-image size-large\"><img loading=\"lazy\" decoding=\"async\" width=\"576\" height=\"1024\" data-id=\"434\" src=\"http:\/\/michemil.com\/wp-content\/uploads\/2022\/06\/WhatsApp-Image-2022-06-28-at-22.24.41-2-576x1024.jpeg\" alt=\"\" class=\"wp-image-434\" srcset=\"https:\/\/michemil.com\/wp-content\/uploads\/2022\/06\/WhatsApp-Image-2022-06-28-at-22.24.41-2-576x1024.jpeg 576w, https:\/\/michemil.com\/wp-content\/uploads\/2022\/06\/WhatsApp-Image-2022-06-28-at-22.24.41-2-169x300.jpeg 169w, https:\/\/michemil.com\/wp-content\/uploads\/2022\/06\/WhatsApp-Image-2022-06-28-at-22.24.41-2.jpeg 608w\" sizes=\"(max-width: 576px) 100vw, 576px\" \/><\/figure>\n\n\n\n<figure class=\"wp-block-image size-large\"><img loading=\"lazy\" decoding=\"async\" width=\"768\" height=\"1024\" data-id=\"435\" src=\"http:\/\/michemil.com\/wp-content\/uploads\/2022\/06\/WhatsApp-Image-2022-06-28-at-22.24.42-1-768x1024.jpeg\" alt=\"\" class=\"wp-image-435\" srcset=\"https:\/\/michemil.com\/wp-content\/uploads\/2022\/06\/WhatsApp-Image-2022-06-28-at-22.24.42-1-768x1024.jpeg 768w, https:\/\/michemil.com\/wp-content\/uploads\/2022\/06\/WhatsApp-Image-2022-06-28-at-22.24.42-1-225x300.jpeg 225w, https:\/\/michemil.com\/wp-content\/uploads\/2022\/06\/WhatsApp-Image-2022-06-28-at-22.24.42-1.jpeg 810w\" sizes=\"(max-width: 768px) 100vw, 768px\" \/><\/figure>\n\n\n\n<figure class=\"wp-block-image size-large\"><img loading=\"lazy\" decoding=\"async\" width=\"1024\" height=\"768\" data-id=\"436\" src=\"http:\/\/michemil.com\/wp-content\/uploads\/2022\/06\/WhatsApp-Image-2022-06-28-at-22.24.43-1024x768.jpeg\" alt=\"\" class=\"wp-image-436\" srcset=\"https:\/\/michemil.com\/wp-content\/uploads\/2022\/06\/WhatsApp-Image-2022-06-28-at-22.24.43-1024x768.jpeg 1024w, https:\/\/michemil.com\/wp-content\/uploads\/2022\/06\/WhatsApp-Image-2022-06-28-at-22.24.43-300x225.jpeg 300w, https:\/\/michemil.com\/wp-content\/uploads\/2022\/06\/WhatsApp-Image-2022-06-28-at-22.24.43-768x576.jpeg 768w, https:\/\/michemil.com\/wp-content\/uploads\/2022\/06\/WhatsApp-Image-2022-06-28-at-22.24.43-rotated.jpeg 1080w\" sizes=\"(max-width: 1024px) 100vw, 1024px\" \/><\/figure>\n\n\n\n<figure class=\"wp-block-image size-large\"><img loading=\"lazy\" decoding=\"async\" width=\"1024\" height=\"768\" data-id=\"437\" src=\"http:\/\/michemil.com\/wp-content\/uploads\/2022\/06\/WhatsApp-Image-2022-06-28-at-22.24.44-1024x768.jpeg\" alt=\"\" class=\"wp-image-437\" srcset=\"https:\/\/michemil.com\/wp-content\/uploads\/2022\/06\/WhatsApp-Image-2022-06-28-at-22.24.44-1024x768.jpeg 1024w, https:\/\/michemil.com\/wp-content\/uploads\/2022\/06\/WhatsApp-Image-2022-06-28-at-22.24.44-300x225.jpeg 300w, https:\/\/michemil.com\/wp-content\/uploads\/2022\/06\/WhatsApp-Image-2022-06-28-at-22.24.44-768x576.jpeg 768w, https:\/\/michemil.com\/wp-content\/uploads\/2022\/06\/WhatsApp-Image-2022-06-28-at-22.24.44-rotated.jpeg 1080w\" sizes=\"(max-width: 1024px) 100vw, 1024px\" \/><\/figure>\n<\/figure>\n\n\n\n<figure class=\"wp-block-gallery has-nested-images columns-default is-cropped wp-block-gallery-2 is-layout-flex wp-block-gallery-is-layout-flex\">\n<figure class=\"wp-block-image size-large\"><img loading=\"lazy\" decoding=\"async\" width=\"748\" height=\"1024\" data-id=\"532\" src=\"http:\/\/michemil.com\/wp-content\/uploads\/2022\/06\/Jazzman.png\" alt=\"\" class=\"wp-image-532\" srcset=\"https:\/\/michemil.com\/wp-content\/uploads\/2022\/06\/Jazzman.png 748w, https:\/\/michemil.com\/wp-content\/uploads\/2022\/06\/Jazzman-219x300.png 219w\" sizes=\"(max-width: 748px) 100vw, 748px\" \/><\/figure>\n\n\n\n<figure class=\"wp-block-image size-large\"><img loading=\"lazy\" decoding=\"async\" width=\"1024\" height=\"576\" data-id=\"533\" src=\"http:\/\/michemil.com\/wp-content\/uploads\/2022\/06\/20210307_202410-2-1024x576.jpg\" alt=\"\" class=\"wp-image-533\" srcset=\"https:\/\/michemil.com\/wp-content\/uploads\/2022\/06\/20210307_202410-2-1024x576.jpg 1024w, https:\/\/michemil.com\/wp-content\/uploads\/2022\/06\/20210307_202410-2-300x169.jpg 300w, https:\/\/michemil.com\/wp-content\/uploads\/2022\/06\/20210307_202410-2-768x432.jpg 768w, https:\/\/michemil.com\/wp-content\/uploads\/2022\/06\/20210307_202410-2-1536x864.jpg 1536w, https:\/\/michemil.com\/wp-content\/uploads\/2022\/06\/20210307_202410-2-2048x1152.jpg 2048w\" sizes=\"(max-width: 1024px) 100vw, 1024px\" \/><\/figure>\n\n\n\n<figure class=\"wp-block-image size-large\"><img loading=\"lazy\" decoding=\"async\" width=\"1024\" height=\"576\" data-id=\"534\" src=\"http:\/\/michemil.com\/wp-content\/uploads\/2022\/06\/20210307_212522-1-1024x576.jpg\" alt=\"\" class=\"wp-image-534\" srcset=\"https:\/\/michemil.com\/wp-content\/uploads\/2022\/06\/20210307_212522-1-1024x576.jpg 1024w, https:\/\/michemil.com\/wp-content\/uploads\/2022\/06\/20210307_212522-1-300x169.jpg 300w, https:\/\/michemil.com\/wp-content\/uploads\/2022\/06\/20210307_212522-1-768x432.jpg 768w, https:\/\/michemil.com\/wp-content\/uploads\/2022\/06\/20210307_212522-1-1536x864.jpg 1536w, https:\/\/michemil.com\/wp-content\/uploads\/2022\/06\/20210307_212522-1-2048x1152.jpg 2048w\" sizes=\"(max-width: 1024px) 100vw, 1024px\" \/><\/figure>\n\n\n\n<figure class=\"wp-block-image size-large\"><img loading=\"lazy\" decoding=\"async\" width=\"1024\" height=\"576\" data-id=\"522\" src=\"http:\/\/michemil.com\/wp-content\/uploads\/2022\/06\/20210307_192433-1-1024x576.jpg\" alt=\"\" class=\"wp-image-522\" srcset=\"https:\/\/michemil.com\/wp-content\/uploads\/2022\/06\/20210307_192433-1-1024x576.jpg 1024w, https:\/\/michemil.com\/wp-content\/uploads\/2022\/06\/20210307_192433-1-300x169.jpg 300w, https:\/\/michemil.com\/wp-content\/uploads\/2022\/06\/20210307_192433-1-768x432.jpg 768w, https:\/\/michemil.com\/wp-content\/uploads\/2022\/06\/20210307_192433-1-1536x864.jpg 1536w, https:\/\/michemil.com\/wp-content\/uploads\/2022\/06\/20210307_192433-1-2048x1152.jpg 2048w\" sizes=\"(max-width: 1024px) 100vw, 1024px\" \/><\/figure>\n\n\n\n<figure class=\"wp-block-image size-large\"><img loading=\"lazy\" decoding=\"async\" width=\"1024\" height=\"576\" data-id=\"524\" src=\"http:\/\/michemil.com\/wp-content\/uploads\/2022\/06\/20210307_202410-1-1024x576.jpg\" alt=\"\" class=\"wp-image-524\" srcset=\"https:\/\/michemil.com\/wp-content\/uploads\/2022\/06\/20210307_202410-1-1024x576.jpg 1024w, https:\/\/michemil.com\/wp-content\/uploads\/2022\/06\/20210307_202410-1-300x169.jpg 300w, https:\/\/michemil.com\/wp-content\/uploads\/2022\/06\/20210307_202410-1-768x432.jpg 768w, https:\/\/michemil.com\/wp-content\/uploads\/2022\/06\/20210307_202410-1-1536x864.jpg 1536w, https:\/\/michemil.com\/wp-content\/uploads\/2022\/06\/20210307_202410-1-2048x1152.jpg 2048w\" sizes=\"(max-width: 1024px) 100vw, 1024px\" \/><\/figure>\n\n\n\n<figure class=\"wp-block-image size-large\"><img loading=\"lazy\" decoding=\"async\" width=\"1024\" height=\"576\" data-id=\"528\" src=\"http:\/\/michemil.com\/wp-content\/uploads\/2022\/06\/20210306_223301-2-1024x576.jpg\" alt=\"\" class=\"wp-image-528\" srcset=\"https:\/\/michemil.com\/wp-content\/uploads\/2022\/06\/20210306_223301-2-1024x576.jpg 1024w, https:\/\/michemil.com\/wp-content\/uploads\/2022\/06\/20210306_223301-2-300x169.jpg 300w, https:\/\/michemil.com\/wp-content\/uploads\/2022\/06\/20210306_223301-2-768x432.jpg 768w, https:\/\/michemil.com\/wp-content\/uploads\/2022\/06\/20210306_223301-2-1536x864.jpg 1536w, https:\/\/michemil.com\/wp-content\/uploads\/2022\/06\/20210306_223301-2-2048x1152.jpg 2048w\" sizes=\"(max-width: 1024px) 100vw, 1024px\" \/><\/figure>\n\n\n\n<figure class=\"wp-block-image size-large\"><img loading=\"lazy\" decoding=\"async\" width=\"1024\" height=\"576\" data-id=\"531\" src=\"http:\/\/michemil.com\/wp-content\/uploads\/2022\/06\/20210313_131418-1024x576.jpg\" alt=\"\" class=\"wp-image-531\" srcset=\"https:\/\/michemil.com\/wp-content\/uploads\/2022\/06\/20210313_131418-1024x576.jpg 1024w, https:\/\/michemil.com\/wp-content\/uploads\/2022\/06\/20210313_131418-300x169.jpg 300w, https:\/\/michemil.com\/wp-content\/uploads\/2022\/06\/20210313_131418-768x432.jpg 768w, https:\/\/michemil.com\/wp-content\/uploads\/2022\/06\/20210313_131418-1536x864.jpg 1536w, https:\/\/michemil.com\/wp-content\/uploads\/2022\/06\/20210313_131418-2048x1152.jpg 2048w\" sizes=\"(max-width: 1024px) 100vw, 1024px\" \/><\/figure>\n\n\n\n<figure class=\"wp-block-image size-large\"><img loading=\"lazy\" decoding=\"async\" width=\"1024\" height=\"576\" data-id=\"527\" src=\"http:\/\/michemil.com\/wp-content\/uploads\/2022\/06\/20210313_131445-1-1024x576.jpg\" alt=\"\" class=\"wp-image-527\" srcset=\"https:\/\/michemil.com\/wp-content\/uploads\/2022\/06\/20210313_131445-1-1024x576.jpg 1024w, https:\/\/michemil.com\/wp-content\/uploads\/2022\/06\/20210313_131445-1-300x169.jpg 300w, https:\/\/michemil.com\/wp-content\/uploads\/2022\/06\/20210313_131445-1-768x432.jpg 768w, https:\/\/michemil.com\/wp-content\/uploads\/2022\/06\/20210313_131445-1-1536x864.jpg 1536w, https:\/\/michemil.com\/wp-content\/uploads\/2022\/06\/20210313_131445-1-2048x1152.jpg 2048w\" sizes=\"(max-width: 1024px) 100vw, 1024px\" \/><\/figure>\n\n\n\n<figure class=\"wp-block-image size-large\"><img loading=\"lazy\" decoding=\"async\" width=\"1024\" height=\"576\" data-id=\"526\" src=\"http:\/\/michemil.com\/wp-content\/uploads\/2022\/06\/20210313_131503-1024x576.jpg\" alt=\"\" class=\"wp-image-526\" srcset=\"https:\/\/michemil.com\/wp-content\/uploads\/2022\/06\/20210313_131503-1024x576.jpg 1024w, https:\/\/michemil.com\/wp-content\/uploads\/2022\/06\/20210313_131503-300x169.jpg 300w, https:\/\/michemil.com\/wp-content\/uploads\/2022\/06\/20210313_131503-768x432.jpg 768w, https:\/\/michemil.com\/wp-content\/uploads\/2022\/06\/20210313_131503-1536x864.jpg 1536w, https:\/\/michemil.com\/wp-content\/uploads\/2022\/06\/20210313_131503-2048x1152.jpg 2048w\" sizes=\"(max-width: 1024px) 100vw, 1024px\" \/><\/figure>\n<\/figure>\n","protected":false},"excerpt":{"rendered":"<p>T\u00e9l\u00e9charger la Carte du Restaurant T\u00e9l\u00e9charger la Carte des Vins T\u00e9l\u00e9charger la Carte du Bar Au rez-de-chauss\u00e9e des R\u00e9sidences h\u00f4teli\u00e8res Micheline et Emile, c\u00f4t\u00e9 Micheline avec pignon sur rue, votre restaurant The Bluebird Lounge vous s\u00e9duira avec son d\u00e9cor magique et un mobilier chic qui subliment diff\u00e9rentes essences de bois tropicaux parfaitement agenc\u00e9es. La classe, [&hellip;]<\/p>\n","protected":false},"author":1,"featured_media":189,"parent":812,"menu_order":0,"comment_status":"closed","ping_status":"closed","template":"","meta":{"footnotes":""},"class_list":["post-143","page","type-page","status-publish","has-post-thumbnail","hentry"],"_links":{"self":[{"href":"https:\/\/michemil.com\/index.php?rest_route=\/wp\/v2\/pages\/143"}],"collection":[{"href":"https:\/\/michemil.com\/index.php?rest_route=\/wp\/v2\/pages"}],"about":[{"href":"https:\/\/michemil.com\/index.php?rest_route=\/wp\/v2\/types\/page"}],"author":[{"embeddable":true,"href":"https:\/\/michemil.com\/index.php?rest_route=\/wp\/v2\/users\/1"}],"replies":[{"embeddable":true,"href":"https:\/\/michemil.com\/index.php?rest_route=%2Fwp%2Fv2%2Fcomments&post=143"}],"version-history":[{"count":22,"href":"https:\/\/michemil.com\/index.php?rest_route=\/wp\/v2\/pages\/143\/revisions"}],"predecessor-version":[{"id":915,"href":"https:\/\/michemil.com\/index.php?rest_route=\/wp\/v2\/pages\/143\/revisions\/915"}],"up":[{"embeddable":true,"href":"https:\/\/michemil.com\/index.php?rest_route=\/wp\/v2\/pages\/812"}],"wp:featuredmedia":[{"embeddable":true,"href":"https:\/\/michemil.com\/index.php?rest_route=\/wp\/v2\/media\/189"}],"wp:attachment":[{"href":"https:\/\/michemil.com\/index.php?rest_route=%2Fwp%2Fv2%2Fmedia&parent=143"}],"curies":[{"name":"wp","href":"https:\/\/api.w.org\/{rel}","templated":true}]}}